{"id":342947,"date":"2014-12-19T11:52:03","date_gmt":"2014-12-19T11:52:03","guid":{"rendered":"https:\/\/rt30.at\/contact-us\/"},"modified":"2026-03-24T08:05:36","modified_gmt":"2026-03-24T08:05:36","slug":"contact-us","status":"publish","type":"page","link":"https:\/\/rt30.at\/en\/contact-us\/","title":{"rendered":"Contact us"},"content":{"rendered":"<p>[et_pb_section fb_built=&#8221;1&#8243; fullwidth=&#8221;on&#8221; _builder_version=&#8221;4.27.4&#8243; _module_preset=&#8221;default&#8221; global_colors_info=&#8221;{}&#8221;][et_pb_fullwidth_slider _builder_version=&#8221;4.27.4&#8243; _module_preset=&#8221;default&#8221; header_level=&#8221;h1&#8243; header_font=&#8221;Lato|500|||||||&#8221; header_text_align=&#8221;left&#8221; custom_padding=&#8221;317px||317px||true|&#8221; auto=&#8221;on&#8221; auto_speed=&#8221;5000&#8243; auto_ignore_hover=&#8221;on&#8221; global_colors_info=&#8221;{}&#8221;][et_pb_slide _builder_version=&#8221;4.27.4&#8243; _module_preset=&#8221;default&#8221; background_color=&#8221;rgba(0,0,0,0.2)&#8221; background_enable_color=&#8221;on&#8221; background_image=&#8221;https:\/\/rt30.at\/wp-content\/uploads\/2021\/11\/salzburg.jpg&#8221; background_enable_image=&#8221;on&#8221; background_blend=&#8221;multiply&#8221; global_colors_info=&#8221;{}&#8221; sticky_transition=&#8221;on&#8221;][\/et_pb_slide][\/et_pb_fullwidth_slider][\/et_pb_section][et_pb_section fb_built=&#8221;1&#8243; admin_label=&#8221;Our Mission Section&#8221; _builder_version=&#8221;4.27.4&#8243; background_enable_color=&#8221;off&#8221; custom_padding=&#8221;100px||60px|||&#8221; global_colors_info=&#8221;{}&#8221;][et_pb_row admin_label=&#8221;Our Mission Area&#8221; _builder_version=&#8221;4.27.4&#8243; custom_padding=&#8221;||1px|||&#8221; global_colors_info=&#8221;{}&#8221;][et_pb_column type=&#8221;4_4&#8243; _builder_version=&#8221;4.16&#8243; custom_padding=&#8221;|||&#8221; global_colors_info=&#8221;{}&#8221; custom_padding__hover=&#8221;|||&#8221;][et_pb_text admin_label=&#8221;Title&#8221; _builder_version=&#8221;4.27.4&#8243; _module_preset=&#8221;ae4e063e-5320-4198-b918-a095dd7c395b&#8221; global_colors_info=&#8221;{}&#8221;]<\/p>\n<h1>Contact us<\/h1>\n<p>[\/et_pb_text][\/et_pb_column][\/et_pb_row][et_pb_row column_structure=&#8221;1_3,1_3,1_3&#8243; admin_label=&#8221;Our Mission Area&#8221; _builder_version=&#8221;4.27.4&#8243; global_colors_info=&#8221;{}&#8221;][et_pb_column type=&#8221;1_3&#8243; _builder_version=&#8221;4.16&#8243; custom_padding=&#8221;|||&#8221; global_colors_info=&#8221;{}&#8221; custom_padding__hover=&#8221;|||&#8221;][et_pb_text admin_label=&#8221;Title&#8221; _builder_version=&#8221;4.27.4&#8243; _module_preset=&#8221;ae4e063e-5320-4198-b918-a095dd7c395b&#8221; global_colors_info=&#8221;{}&#8221;]<\/p>\n<h3>Round Table 30<br \/>\n<\/h3>\n<p>[\/et_pb_text][et_pb_text _builder_version=&#8221;4.27.4&#8243; text_font=&#8221;||||||||&#8221; text_font_size=&#8221;16px&#8221; text_line_height=&#8221;1.8em&#8221; animation_direction=&#8221;left&#8221; global_colors_info=&#8221;{}&#8221;]<\/p>\n<p><strong>Association Round Table No. 30 Salzburg<\/strong><br \/>Markus Sittikus Stra\u00dfe 5<br \/>5020 Salzburg<\/p>\n<p>Date of origin: 12.10.1982<br \/>Email: info@rt30.at<br \/>ZVR: 234977817<br \/>Club account: AT42 3500 0000 4203 6640<\/p>\n<p>President: Thomas Neumann<br \/>Past President: Mark Zeissler<br \/>Vice President: Bernhard Brandauer<br \/>Social Secretary: DI Stefan M\u00f6sl<br \/>Secretary: Sascha Matthes-R\u00f6sler<br \/>Treasurer: Mag. Herbert Maier<br \/>Clubmaster: Sascha Matthes-R\u00f6sler<br \/>International Relationship Officer: Ferdinand Ohrel<\/p>\n<p>[\/et_pb_text][\/et_pb_column][et_pb_column type=&#8221;1_3&#8243; _builder_version=&#8221;4.16&#8243; custom_padding=&#8221;|||&#8221; global_colors_info=&#8221;{}&#8221; custom_padding__hover=&#8221;|||&#8221;][et_pb_text admin_label=&#8221;Title&#8221; _builder_version=&#8221;4.27.4&#8243; _module_preset=&#8221;ae4e063e-5320-4198-b918-a095dd7c395b&#8221; global_colors_info=&#8221;{}&#8221;]<\/p>\n<h3>Club pub<br \/>\n<\/h3>\n<p>[\/et_pb_text][et_pb_text _builder_version=&#8221;4.27.4&#8243; _module_preset=&#8221;_initial&#8221; text_font=&#8221;||||||||&#8221; text_font_size=&#8221;16px&#8221; text_line_height=&#8221;1.8em&#8221; custom_margin=&#8221;||75px|||&#8221; custom_margin_tablet=&#8221;||30px||false|false&#8221; custom_margin_phone=&#8221;||30px||false|false&#8221; custom_margin_last_edited=&#8221;on|tablet&#8221; animation_direction=&#8221;left&#8221; global_colors_info=&#8221;{}&#8221;]<\/p>\n<p><strong>Krimplst\u00e4tter<\/strong><br \/>M\u00fcllner Hauptstrasse 41<br \/>5020 Salzburg<\/p>\n<p><a href=\"https:\/\/krimpelstaetter.at\/\" target=\"_blank\" rel=\"noopener\">www.krimpelstaetter.at<\/a><\/p>\n<p>[\/et_pb_text][et_pb_text admin_label=&#8221;Title&#8221; _builder_version=&#8221;4.27.4&#8243; _module_preset=&#8221;ae4e063e-5320-4198-b918-a095dd7c395b&#8221; global_colors_info=&#8221;{}&#8221;]<\/p>\n<h3>Links<\/h3>\n<p>[\/et_pb_text][et_pb_text _builder_version=&#8221;4.27.4&#8243; _module_preset=&#8221;_initial&#8221; text_font=&#8221;||||||||&#8221; text_font_size=&#8221;16px&#8221; text_line_height=&#8221;1.8em&#8221; custom_margin=&#8221;||-1px|||&#8221; animation_direction=&#8221;left&#8221; global_colors_info=&#8221;{}&#8221;]<\/p>\n<p><a href=\"https:\/\/www.rt45.at\/\" target=\"_blank\" rel=\"noopener\">Round Table 45 Salzburg<\/a><br \/><a href=\"http:\/\/www.rt4.at\/\" target=\"_blank\" rel=\"noopener\">Round Table 4 Salzburg<\/a><br \/><a href=\"https:\/\/www.roundtable.at\/\" target=\"_blank\" rel=\"noopener\">Round Table Austria<\/a><br \/><a href=\"https:\/\/www.dertaler.de\/\" target=\"_blank\" rel=\"noopener\">The Taler Coins<\/a><\/p>\n<p>[\/et_pb_text][\/et_pb_column][et_pb_column type=&#8221;1_3&#8243; _builder_version=&#8221;4.16&#8243; custom_padding=&#8221;|||&#8221; global_colors_info=&#8221;{}&#8221; custom_padding__hover=&#8221;|||&#8221;][et_pb_text admin_label=&#8221;Title&#8221; _builder_version=&#8221;4.27.4&#8243; _module_preset=&#8221;ae4e063e-5320-4198-b918-a095dd7c395b&#8221; global_colors_info=&#8221;{}&#8221;]<\/p>\n<h3>  Downloads<\/h3>\n<p>[\/et_pb_text][et_pb_text _builder_version=&#8221;4.27.4&#8243; text_font=&#8221;||||||||&#8221; text_font_size=&#8221;16px&#8221; text_line_height=&#8221;1.8em&#8221; animation_direction=&#8221;left&#8221; global_colors_info=&#8221;{}&#8221;]<\/p>\n<p>Logos, club pins<br \/>Vector files<\/p>\n<p><a href=\"https:\/\/rt30.at\/wp-content\/uploads\/2025\/11\/logos-pins.zip\" target=\"_blank\" rel=\"noopener\">Download (.zip &#8211; 1,7 mb)<\/a><\/p>\n<p>[\/et_pb_text][\/et_pb_column][\/et_pb_row][\/et_pb_section]<\/p>\n","protected":false},"excerpt":{"rendered":"<p>Contact usRound Table 30 Association Round Table No. 30 SalzburgMarkus Sittikus Stra\u00dfe 55020 Salzburg Date of origin: 12.10.1982Email: info@rt30.atZVR: 234977817Club account: AT42 3500 0000 4203 6640 President: Thomas NeumannPast President: Mark ZeisslerVice President: Bernhard BrandauerSocial Secretary: DI Stefan M\u00f6slSecretary: Sascha Matthes-R\u00f6slerTreasurer: Mag. Herbert MaierClubmaster: Sascha Matthes-R\u00f6slerInternational Relationship Officer: Ferdinand OhrelClub pub Krimplst\u00e4tterM\u00fcllner Hauptstrasse 415020 Salzburg www.krimpelstaetter.atLinksRound Table 45 SalzburgRound Table 4 SalzburgRound Table AustriaThe Taler Coins DownloadsLogos, club pinsVector files Download (.zip &#8211; 1,7 mb)<\/p>\n","protected":false},"author":2,"featured_media":0,"parent":0,"menu_order":0,"comment_status":"closed","ping_status":"closed","template":"","meta":{"_et_pb_use_builder":"on","_et_pb_old_content":"","_et_gb_content_width":"","footnotes":""},"class_list":["post-342947","page","type-page","status-publish","hentry"],"yoast_head":"<!-- This site is optimized with the Yoast SEO plugin v27.0 - https:\/\/yoast.com\/product\/yoast-seo-wordpress\/ -->\n<title>Contact - Round Table 30 Salzburg<\/title>\n<meta name=\"description\" content=\"Contact Round Table 30 Salzburg in Salzburg. Addresses, emails and important information for quick and easy exchange.\" \/>\n<meta name=\"robots\" content=\"index, follow, max-snippet:-1, max-image-preview:large, max-video-preview:-1\" \/>\n<link rel=\"canonical\" href=\"https:\/\/rt30.at\/en\/contact-us\/\" \/>\n<meta property=\"og:locale\" content=\"en_US\" \/>\n<meta property=\"og:type\" content=\"article\" \/>\n<meta property=\"og:title\" content=\"Contact - Round Table 30 Salzburg\" \/>\n<meta property=\"og:description\" content=\"Contact Round Table 30 Salzburg in Salzburg. Addresses, emails and important information for quick and easy exchange.\" \/>\n<meta property=\"og:url\" content=\"https:\/\/rt30.at\/en\/contact-us\/\" \/>\n<meta property=\"og:site_name\" content=\"Round Table 30 Salzburg\" \/>\n<meta property=\"article:publisher\" content=\"https:\/\/www.facebook.com\/rt30.at\" \/>\n<meta property=\"article:modified_time\" content=\"2026-03-24T08:05:36+00:00\" \/>\n<meta name=\"twitter:card\" content=\"summary_large_image\" \/>\n<meta name=\"twitter:label1\" content=\"Est. reading time\" \/>\n\t<meta name=\"twitter:data1\" content=\"3 minutes\" \/>\n<script type=\"application\/ld+json\" class=\"yoast-schema-graph\">{\"@context\":\"https:\/\/schema.org\",\"@graph\":[{\"@type\":\"WebPage\",\"@id\":\"https:\/\/rt30.at\/en\/contact-us\/\",\"url\":\"https:\/\/rt30.at\/en\/contact-us\/\",\"name\":\"Contact - Round Table 30 Salzburg\",\"isPartOf\":{\"@id\":\"https:\/\/rt30.at\/en\/#website\"},\"datePublished\":\"2014-12-19T11:52:03+00:00\",\"dateModified\":\"2026-03-24T08:05:36+00:00\",\"description\":\"Contact Round Table 30 Salzburg in Salzburg. Addresses, emails and important information for quick and easy exchange.\",\"breadcrumb\":{\"@id\":\"https:\/\/rt30.at\/en\/contact-us\/#breadcrumb\"},\"inLanguage\":\"en-US\",\"potentialAction\":[{\"@type\":\"ReadAction\",\"target\":[\"https:\/\/rt30.at\/en\/contact-us\/\"]}]},{\"@type\":\"BreadcrumbList\",\"@id\":\"https:\/\/rt30.at\/en\/contact-us\/#breadcrumb\",\"itemListElement\":[{\"@type\":\"ListItem\",\"position\":1,\"name\":\"Startseite\",\"item\":\"https:\/\/rt30.at\/en\/\"},{\"@type\":\"ListItem\",\"position\":2,\"name\":\"Contact us\"}]},{\"@type\":\"WebSite\",\"@id\":\"https:\/\/rt30.at\/en\/#website\",\"url\":\"https:\/\/rt30.at\/en\/\",\"name\":\"Round Table 30 Salzburg\",\"description\":\"Der Serviceclub Round Table Salzburg informiert \u00fcber seine T\u00e4tigkeiten\",\"publisher\":{\"@id\":\"https:\/\/rt30.at\/en\/#organization\"},\"potentialAction\":[{\"@type\":\"SearchAction\",\"target\":{\"@type\":\"EntryPoint\",\"urlTemplate\":\"https:\/\/rt30.at\/en\/?s={search_term_string}\"},\"query-input\":{\"@type\":\"PropertyValueSpecification\",\"valueRequired\":true,\"valueName\":\"search_term_string\"}}],\"inLanguage\":\"en-US\"},{\"@type\":\"Organization\",\"@id\":\"https:\/\/rt30.at\/en\/#organization\",\"name\":\"Round Table 30 Salzburg\",\"url\":\"https:\/\/rt30.at\/en\/\",\"logo\":{\"@type\":\"ImageObject\",\"inLanguage\":\"en-US\",\"@id\":\"https:\/\/rt30.at\/en\/#\/schema\/logo\/image\/\",\"url\":\"https:\/\/rt30.at\/rt30-v2\/wp-content\/uploads\/2018\/02\/logo-website-jubilaeum.png\",\"contentUrl\":\"https:\/\/rt30.at\/rt30-v2\/wp-content\/uploads\/2018\/02\/logo-website-jubilaeum.png\",\"width\":380,\"height\":380,\"caption\":\"Round Table 30 Salzburg\"},\"image\":{\"@id\":\"https:\/\/rt30.at\/en\/#\/schema\/logo\/image\/\"},\"sameAs\":[\"https:\/\/www.facebook.com\/rt30.at\"]}]}<\/script>\n<!-- \/ Yoast SEO plugin. -->","yoast_head_json":{"title":"Contact - Round Table 30 Salzburg","description":"Contact Round Table 30 Salzburg in Salzburg. Addresses, emails and important information for quick and easy exchange.","robots":{"index":"index","follow":"follow","max-snippet":"max-snippet:-1","max-image-preview":"max-image-preview:large","max-video-preview":"max-video-preview:-1"},"canonical":"https:\/\/rt30.at\/en\/contact-us\/","og_locale":"en_US","og_type":"article","og_title":"Contact - Round Table 30 Salzburg","og_description":"Contact Round Table 30 Salzburg in Salzburg. Addresses, emails and important information for quick and easy exchange.","og_url":"https:\/\/rt30.at\/en\/contact-us\/","og_site_name":"Round Table 30 Salzburg","article_publisher":"https:\/\/www.facebook.com\/rt30.at","article_modified_time":"2026-03-24T08:05:36+00:00","twitter_card":"summary_large_image","twitter_misc":{"Est. reading time":"3 minutes"},"schema":{"@context":"https:\/\/schema.org","@graph":[{"@type":"WebPage","@id":"https:\/\/rt30.at\/en\/contact-us\/","url":"https:\/\/rt30.at\/en\/contact-us\/","name":"Contact - Round Table 30 Salzburg","isPartOf":{"@id":"https:\/\/rt30.at\/en\/#website"},"datePublished":"2014-12-19T11:52:03+00:00","dateModified":"2026-03-24T08:05:36+00:00","description":"Contact Round Table 30 Salzburg in Salzburg. Addresses, emails and important information for quick and easy exchange.","breadcrumb":{"@id":"https:\/\/rt30.at\/en\/contact-us\/#breadcrumb"},"inLanguage":"en-US","potentialAction":[{"@type":"ReadAction","target":["https:\/\/rt30.at\/en\/contact-us\/"]}]},{"@type":"BreadcrumbList","@id":"https:\/\/rt30.at\/en\/contact-us\/#breadcrumb","itemListElement":[{"@type":"ListItem","position":1,"name":"Startseite","item":"https:\/\/rt30.at\/en\/"},{"@type":"ListItem","position":2,"name":"Contact us"}]},{"@type":"WebSite","@id":"https:\/\/rt30.at\/en\/#website","url":"https:\/\/rt30.at\/en\/","name":"Round Table 30 Salzburg","description":"Der Serviceclub Round Table Salzburg informiert \u00fcber seine T\u00e4tigkeiten","publisher":{"@id":"https:\/\/rt30.at\/en\/#organization"},"potentialAction":[{"@type":"SearchAction","target":{"@type":"EntryPoint","urlTemplate":"https:\/\/rt30.at\/en\/?s={search_term_string}"},"query-input":{"@type":"PropertyValueSpecification","valueRequired":true,"valueName":"search_term_string"}}],"inLanguage":"en-US"},{"@type":"Organization","@id":"https:\/\/rt30.at\/en\/#organization","name":"Round Table 30 Salzburg","url":"https:\/\/rt30.at\/en\/","logo":{"@type":"ImageObject","inLanguage":"en-US","@id":"https:\/\/rt30.at\/en\/#\/schema\/logo\/image\/","url":"https:\/\/rt30.at\/rt30-v2\/wp-content\/uploads\/2018\/02\/logo-website-jubilaeum.png","contentUrl":"https:\/\/rt30.at\/rt30-v2\/wp-content\/uploads\/2018\/02\/logo-website-jubilaeum.png","width":380,"height":380,"caption":"Round Table 30 Salzburg"},"image":{"@id":"https:\/\/rt30.at\/en\/#\/schema\/logo\/image\/"},"sameAs":["https:\/\/www.facebook.com\/rt30.at"]}]}},"_links":{"self":[{"href":"https:\/\/rt30.at\/en\/wp-json\/wp\/v2\/pages\/342947","targetHints":{"allow":["GET"]}}],"collection":[{"href":"https:\/\/rt30.at\/en\/wp-json\/wp\/v2\/pages"}],"about":[{"href":"https:\/\/rt30.at\/en\/wp-json\/wp\/v2\/types\/page"}],"author":[{"embeddable":true,"href":"https:\/\/rt30.at\/en\/wp-json\/wp\/v2\/users\/2"}],"replies":[{"embeddable":true,"href":"https:\/\/rt30.at\/en\/wp-json\/wp\/v2\/comments?post=342947"}],"version-history":[{"count":5,"href":"https:\/\/rt30.at\/en\/wp-json\/wp\/v2\/pages\/342947\/revisions"}],"predecessor-version":[{"id":344325,"href":"https:\/\/rt30.at\/en\/wp-json\/wp\/v2\/pages\/342947\/revisions\/344325"}],"wp:attachment":[{"href":"https:\/\/rt30.at\/en\/wp-json\/wp\/v2\/media?parent=342947"}],"curies":[{"name":"wp","href":"https:\/\/api.w.org\/{rel}","templated":true}]}}