{"id":342982,"date":"2014-12-19T11:57:11","date_gmt":"2014-12-19T11:57:11","guid":{"rendered":"https:\/\/rt30.at\/imprint\/"},"modified":"2026-03-23T13:33:08","modified_gmt":"2026-03-23T13:33:08","slug":"imprint","status":"publish","type":"page","link":"https:\/\/rt30.at\/en\/imprint\/","title":{"rendered":"Imprint"},"content":{"rendered":"<p>[et_pb_section fb_built=&#8221;1&#8243; fullwidth=&#8221;on&#8221; _builder_version=&#8221;4.27.4&#8243; _module_preset=&#8221;default&#8221; global_colors_info=&#8221;{}&#8221;][et_pb_fullwidth_slider _builder_version=&#8221;4.27.4&#8243; _module_preset=&#8221;default&#8221; header_level=&#8221;h1&#8243; header_font=&#8221;Lato|500|||||||&#8221; header_text_align=&#8221;left&#8221; custom_padding=&#8221;317px||317px||true|&#8221; auto=&#8221;on&#8221; auto_speed=&#8221;5000&#8243; auto_ignore_hover=&#8221;on&#8221; global_colors_info=&#8221;{}&#8221;][et_pb_slide _builder_version=&#8221;4.27.4&#8243; _module_preset=&#8221;default&#8221; background_color=&#8221;rgba(0,0,0,0.2)&#8221; background_enable_color=&#8221;on&#8221; background_image=&#8221;https:\/\/rt30.at\/wp-content\/uploads\/2025\/11\/flachmann-mauritius.jpg&#8221; background_enable_image=&#8221;on&#8221; background_blend=&#8221;multiply&#8221; global_colors_info=&#8221;{}&#8221; sticky_transition=&#8221;on&#8221;][\/et_pb_slide][\/et_pb_fullwidth_slider][\/et_pb_section][et_pb_section fb_built=&#8221;1&#8243; admin_label=&#8221;Our Mission Section&#8221; _builder_version=&#8221;4.16&#8243; background_color=&#8221;#f7f7f7&#8243; custom_padding=&#8221;100px||0px|||&#8221; global_colors_info=&#8221;{}&#8221;][et_pb_row admin_label=&#8221;Our Mission Area&#8221; _builder_version=&#8221;4.27.4&#8243; global_colors_info=&#8221;{}&#8221;][et_pb_column type=&#8221;4_4&#8243; _builder_version=&#8221;4.16&#8243; custom_padding=&#8221;|||&#8221; global_colors_info=&#8221;{}&#8221; custom_padding__hover=&#8221;|||&#8221;][et_pb_text admin_label=&#8221;Title&#8221; _builder_version=&#8221;4.27.4&#8243; _module_preset=&#8221;ae4e063e-5320-4198-b918-a095dd7c395b&#8221; custom_margin=&#8221;||-1px|||&#8221; global_colors_info=&#8221;{}&#8221;]<\/p>\n<h1>  Imprint  <\/h1>\n<p>[\/et_pb_text][\/et_pb_column][\/et_pb_row][et_pb_row admin_label=&#8221;Our Mission Area&#8221; _builder_version=&#8221;4.27.5&#8243; custom_padding=&#8221;||0px|||&#8221; hover_enabled=&#8221;0&#8243; global_colors_info=&#8221;{}&#8221; sticky_enabled=&#8221;0&#8243;][et_pb_column type=&#8221;4_4&#8243; _builder_version=&#8221;4.16&#8243; custom_padding=&#8221;|||&#8221; global_colors_info=&#8221;{}&#8221; custom_padding__hover=&#8221;|||&#8221;][et_pb_text _builder_version=&#8221;4.27.4&#8243; _module_preset=&#8221;ae4e063e-5320-4198-b918-a095dd7c395b&#8221; text_font_size=&#8221;16px&#8221; text_line_height=&#8221;1.8em&#8221; global_colors_info=&#8221;{}&#8221;]<\/p>\n<h3>Association Round Table No. 30 Salzburg<\/h3>\n<p>Markus Sittikus Stra\u00dfe 5<br \/>5020 Salzburg<\/p>\n<p>Date of creation: 12.10.1982<br \/>Email:<span> <\/span>info@rt30.at<br \/>ZVR: 234977817<br \/>Club account: AT42 3500 0000 4203 6640<\/p>\n<p>President: Thomas Neumann<br \/>Past-President: Mark Zeissler<br \/>Vice-President: Bernhard Brandauer<br \/>Social Secretary: DI Stefan M\u00f6sl<br \/>Secretary: Sascha Matthes-R\u00f6sler<br \/>Treasurer: Mag. Herbert Maier<br \/>Clubmaster: Sascha Matthes-R\u00f6sler<br \/>International Relationship Officer (int.): Ferdinand Ohrel<br \/>International Relationship Officer (nat.): Ferdinand Ohrel<\/p>\n<p>&nbsp;<\/p>\n<p>[\/et_pb_text][\/et_pb_column][\/et_pb_row][et_pb_row admin_label=&#8221;Our Mission Area&#8221; _builder_version=&#8221;4.27.4&#8243; custom_padding=&#8221;0px|||||&#8221; global_colors_info=&#8221;{}&#8221;][et_pb_column type=&#8221;4_4&#8243; _builder_version=&#8221;4.16&#8243; custom_padding=&#8221;|||&#8221; global_colors_info=&#8221;{}&#8221; custom_padding__hover=&#8221;|||&#8221;][et_pb_text _builder_version=&#8221;4.27.5&#8243; _module_preset=&#8221;ae4e063e-5320-4198-b918-a095dd7c395b&#8221; text_font_size=&#8221;16px&#8221; text_line_height=&#8221;1.8em&#8221; global_colors_info=&#8221;{}&#8221;]<\/p>\n<p>The President represents the Association in all matters, including externally, and chairs the Board of Directors and the General Meeting. Important business documents, in particular documents binding the Association and the like, are signed by the President together with the Secretary, and in financial matters together with the Treasurer. The President and the Treasurer are each authorized to sign individually for the execution of transfers and the issuing of cheques.  <\/p>\n<p>&nbsp;<\/p>\n<h3>Copyright \/ Disclaimer<\/h3>\n<p>In view of the technical characteristics of the Internet, no guarantee can be given for the authenticity, accuracy and completeness of the information provided on the Internet. No liability is assumed for the availability or operation of this website and its contents, nor for any direct, indirect or other damages, regardless of their cause, arising from the use or non-availability of the data and information on this website, to the extent permitted by law. The content of this website is protected by copyright. The information is intended for personal use only. Any further use, in particular storage in databases, duplication and any form of commercial use as well as disclosure to third parties &#8211; even in part or in revised form &#8211; without the consent of the website owner is prohibited. Hyperlinks to this weblog are welcome. Any integration of individual pages of our offer into external frames is prohibited, as is the provision of our RSS feed on external sites.      <\/p>\n<p>&nbsp;<\/p>\n<h3>Terms of use<\/h3>\n<p>The contents of this website are free to use and are for information purposes only. The use of the selection options on the website does not result in any legal transactions between the owner and the users. The further procedure between providers and users and the possible subsequent conclusion of contracts between providers and users are at the sole discretion of the users.  <\/p>\n<p>&nbsp;<\/p>\n<h3>Liability for links<\/h3>\n<p>This weblog contains links to external third-party websites over whose content we have no influence. Therefore, we cannot accept any liability for this third-party content. The respective provider or operator of the pages is always responsible for the content of the linked pages. The linked pages were checked for possible legal violations at the time of linking. Illegal content was not recognizable at the time of linking. However, permanent monitoring of the content of the linked pages is not reasonable without concrete evidence of an infringement. If we become aware of any legal infringements, we will remove such links immediately.      <\/p>\n<p>&nbsp;<\/p>\n<h3>Copyright<\/h3>\n<p>The content and works created by the site operators on these pages are subject to Austrian copyright law. Duplication, processing, distribution and any kind of exploitation outside the limits of copyright law require the written consent of the respective author or creator. Downloads and copies of this site are only permitted for private, non-commercial use. Insofar as the content on this site was not created by the operator, the copyrights of third parties are respected. In particular, third-party content is identified as such. Should you nevertheless become aware of a copyright infringement, please inform us accordingly. If we become aware of any infringements, we will remove such content immediately. The images on the homepage are subject to the copyright of various persons and companies.       <\/p>\n<p>&nbsp;<\/p>\n<p>[\/et_pb_text][\/et_pb_column][\/et_pb_row][\/et_pb_section]<\/p>\n","protected":false},"excerpt":{"rendered":"<p>Imprint Association Round Table No. 30 Salzburg Markus Sittikus Stra\u00dfe 55020 Salzburg Date of creation: 12.10.1982Email: info@rt30.atZVR: 234977817Club account: AT42 3500 0000 4203 6640 President: Thomas NeumannPast-President: Mark ZeisslerVice-President: Bernhard BrandauerSocial Secretary: DI Stefan M\u00f6slSecretary: Sascha Matthes-R\u00f6slerTreasurer: Mag. Herbert MaierClubmaster: Sascha Matthes-R\u00f6slerInternational Relationship Officer (int.): Ferdinand OhrelInternational Relationship Officer (nat.): Ferdinand Ohrel &nbsp;The President represents the Association in all matters, including externally, and chairs the Board of Directors and the General Meeting. Important business documents, in particular documents binding the Association and the like, are signed by the President together with the Secretary, and in financial matters together with the Treasurer. The President and the Treasurer are each authorized to sign individually for the execution of transfers and the issuing of cheques. &nbsp; Copyright \/ Disclaimer In view of the technical characteristics of the Internet, no guarantee can be given for the authenticity, accuracy and completeness of the information provided on the Internet. No liability is assumed for the availability or operation of this website and its contents, nor for any direct, indirect or other damages, regardless of their cause, arising from the use or non-availability of the data and information on this website, to the extent permitted by law. [&hellip;]<\/p>\n","protected":false},"author":2,"featured_media":0,"parent":0,"menu_order":0,"comment_status":"closed","ping_status":"closed","template":"","meta":{"_et_pb_use_builder":"on","_et_pb_old_content":"","_et_gb_content_width":"","footnotes":""},"class_list":["post-342982","page","type-page","status-publish","hentry"],"yoast_head":"<!-- This site is optimized with the Yoast SEO plugin v27.0 - https:\/\/yoast.com\/product\/yoast-seo-wordpress\/ -->\n<title>Imprint - Round Table 30 Salzburg<\/title>\n<meta name=\"description\" content=\"Legal information and contact details of Round Table 30 Salzburg. Transparency and data protection are important to us.\" \/>\n<meta name=\"robots\" content=\"index, follow, max-snippet:-1, max-image-preview:large, max-video-preview:-1\" \/>\n<link rel=\"canonical\" href=\"https:\/\/rt30.at\/en\/imprint\/\" \/>\n<meta property=\"og:locale\" content=\"en_US\" \/>\n<meta property=\"og:type\" content=\"article\" \/>\n<meta property=\"og:title\" content=\"Imprint - Round Table 30 Salzburg\" \/>\n<meta property=\"og:description\" content=\"Legal information and contact details of Round Table 30 Salzburg. Transparency and data protection are important to us.\" \/>\n<meta property=\"og:url\" content=\"https:\/\/rt30.at\/en\/imprint\/\" \/>\n<meta property=\"og:site_name\" content=\"Round Table 30 Salzburg\" \/>\n<meta property=\"article:publisher\" content=\"https:\/\/www.facebook.com\/rt30.at\" \/>\n<meta property=\"article:modified_time\" content=\"2026-03-23T13:33:08+00:00\" \/>\n<meta name=\"twitter:card\" content=\"summary_large_image\" \/>\n<meta name=\"twitter:label1\" content=\"Est. reading time\" \/>\n\t<meta name=\"twitter:data1\" content=\"5 minutes\" \/>\n<script type=\"application\/ld+json\" class=\"yoast-schema-graph\">{\"@context\":\"https:\/\/schema.org\",\"@graph\":[{\"@type\":\"WebPage\",\"@id\":\"https:\/\/rt30.at\/en\/imprint\/\",\"url\":\"https:\/\/rt30.at\/en\/imprint\/\",\"name\":\"Imprint - Round Table 30 Salzburg\",\"isPartOf\":{\"@id\":\"https:\/\/rt30.at\/en\/#website\"},\"datePublished\":\"2014-12-19T11:57:11+00:00\",\"dateModified\":\"2026-03-23T13:33:08+00:00\",\"description\":\"Legal information and contact details of Round Table 30 Salzburg. Transparency and data protection are important to us.\",\"breadcrumb\":{\"@id\":\"https:\/\/rt30.at\/en\/imprint\/#breadcrumb\"},\"inLanguage\":\"en-US\",\"potentialAction\":[{\"@type\":\"ReadAction\",\"target\":[\"https:\/\/rt30.at\/en\/imprint\/\"]}]},{\"@type\":\"BreadcrumbList\",\"@id\":\"https:\/\/rt30.at\/en\/imprint\/#breadcrumb\",\"itemListElement\":[{\"@type\":\"ListItem\",\"position\":1,\"name\":\"Startseite\",\"item\":\"https:\/\/rt30.at\/en\/\"},{\"@type\":\"ListItem\",\"position\":2,\"name\":\"Imprint\"}]},{\"@type\":\"WebSite\",\"@id\":\"https:\/\/rt30.at\/en\/#website\",\"url\":\"https:\/\/rt30.at\/en\/\",\"name\":\"Round Table 30 Salzburg\",\"description\":\"Der Serviceclub Round Table Salzburg informiert \u00fcber seine T\u00e4tigkeiten\",\"publisher\":{\"@id\":\"https:\/\/rt30.at\/en\/#organization\"},\"potentialAction\":[{\"@type\":\"SearchAction\",\"target\":{\"@type\":\"EntryPoint\",\"urlTemplate\":\"https:\/\/rt30.at\/en\/?s={search_term_string}\"},\"query-input\":{\"@type\":\"PropertyValueSpecification\",\"valueRequired\":true,\"valueName\":\"search_term_string\"}}],\"inLanguage\":\"en-US\"},{\"@type\":\"Organization\",\"@id\":\"https:\/\/rt30.at\/en\/#organization\",\"name\":\"Round Table 30 Salzburg\",\"url\":\"https:\/\/rt30.at\/en\/\",\"logo\":{\"@type\":\"ImageObject\",\"inLanguage\":\"en-US\",\"@id\":\"https:\/\/rt30.at\/en\/#\/schema\/logo\/image\/\",\"url\":\"https:\/\/rt30.at\/rt30-v2\/wp-content\/uploads\/2018\/02\/logo-website-jubilaeum.png\",\"contentUrl\":\"https:\/\/rt30.at\/rt30-v2\/wp-content\/uploads\/2018\/02\/logo-website-jubilaeum.png\",\"width\":380,\"height\":380,\"caption\":\"Round Table 30 Salzburg\"},\"image\":{\"@id\":\"https:\/\/rt30.at\/en\/#\/schema\/logo\/image\/\"},\"sameAs\":[\"https:\/\/www.facebook.com\/rt30.at\"]}]}<\/script>\n<!-- \/ Yoast SEO plugin. -->","yoast_head_json":{"title":"Imprint - Round Table 30 Salzburg","description":"Legal information and contact details of Round Table 30 Salzburg. Transparency and data protection are important to us.","robots":{"index":"index","follow":"follow","max-snippet":"max-snippet:-1","max-image-preview":"max-image-preview:large","max-video-preview":"max-video-preview:-1"},"canonical":"https:\/\/rt30.at\/en\/imprint\/","og_locale":"en_US","og_type":"article","og_title":"Imprint - Round Table 30 Salzburg","og_description":"Legal information and contact details of Round Table 30 Salzburg. Transparency and data protection are important to us.","og_url":"https:\/\/rt30.at\/en\/imprint\/","og_site_name":"Round Table 30 Salzburg","article_publisher":"https:\/\/www.facebook.com\/rt30.at","article_modified_time":"2026-03-23T13:33:08+00:00","twitter_card":"summary_large_image","twitter_misc":{"Est. reading time":"5 minutes"},"schema":{"@context":"https:\/\/schema.org","@graph":[{"@type":"WebPage","@id":"https:\/\/rt30.at\/en\/imprint\/","url":"https:\/\/rt30.at\/en\/imprint\/","name":"Imprint - Round Table 30 Salzburg","isPartOf":{"@id":"https:\/\/rt30.at\/en\/#website"},"datePublished":"2014-12-19T11:57:11+00:00","dateModified":"2026-03-23T13:33:08+00:00","description":"Legal information and contact details of Round Table 30 Salzburg. Transparency and data protection are important to us.","breadcrumb":{"@id":"https:\/\/rt30.at\/en\/imprint\/#breadcrumb"},"inLanguage":"en-US","potentialAction":[{"@type":"ReadAction","target":["https:\/\/rt30.at\/en\/imprint\/"]}]},{"@type":"BreadcrumbList","@id":"https:\/\/rt30.at\/en\/imprint\/#breadcrumb","itemListElement":[{"@type":"ListItem","position":1,"name":"Startseite","item":"https:\/\/rt30.at\/en\/"},{"@type":"ListItem","position":2,"name":"Imprint"}]},{"@type":"WebSite","@id":"https:\/\/rt30.at\/en\/#website","url":"https:\/\/rt30.at\/en\/","name":"Round Table 30 Salzburg","description":"Der Serviceclub Round Table Salzburg informiert \u00fcber seine T\u00e4tigkeiten","publisher":{"@id":"https:\/\/rt30.at\/en\/#organization"},"potentialAction":[{"@type":"SearchAction","target":{"@type":"EntryPoint","urlTemplate":"https:\/\/rt30.at\/en\/?s={search_term_string}"},"query-input":{"@type":"PropertyValueSpecification","valueRequired":true,"valueName":"search_term_string"}}],"inLanguage":"en-US"},{"@type":"Organization","@id":"https:\/\/rt30.at\/en\/#organization","name":"Round Table 30 Salzburg","url":"https:\/\/rt30.at\/en\/","logo":{"@type":"ImageObject","inLanguage":"en-US","@id":"https:\/\/rt30.at\/en\/#\/schema\/logo\/image\/","url":"https:\/\/rt30.at\/rt30-v2\/wp-content\/uploads\/2018\/02\/logo-website-jubilaeum.png","contentUrl":"https:\/\/rt30.at\/rt30-v2\/wp-content\/uploads\/2018\/02\/logo-website-jubilaeum.png","width":380,"height":380,"caption":"Round Table 30 Salzburg"},"image":{"@id":"https:\/\/rt30.at\/en\/#\/schema\/logo\/image\/"},"sameAs":["https:\/\/www.facebook.com\/rt30.at"]}]}},"_links":{"self":[{"href":"https:\/\/rt30.at\/en\/wp-json\/wp\/v2\/pages\/342982","targetHints":{"allow":["GET"]}}],"collection":[{"href":"https:\/\/rt30.at\/en\/wp-json\/wp\/v2\/pages"}],"about":[{"href":"https:\/\/rt30.at\/en\/wp-json\/wp\/v2\/types\/page"}],"author":[{"embeddable":true,"href":"https:\/\/rt30.at\/en\/wp-json\/wp\/v2\/users\/2"}],"replies":[{"embeddable":true,"href":"https:\/\/rt30.at\/en\/wp-json\/wp\/v2\/comments?post=342982"}],"version-history":[{"count":11,"href":"https:\/\/rt30.at\/en\/wp-json\/wp\/v2\/pages\/342982\/revisions"}],"predecessor-version":[{"id":344276,"href":"https:\/\/rt30.at\/en\/wp-json\/wp\/v2\/pages\/342982\/revisions\/344276"}],"wp:attachment":[{"href":"https:\/\/rt30.at\/en\/wp-json\/wp\/v2\/media?parent=342982"}],"curies":[{"name":"wp","href":"https:\/\/api.w.org\/{rel}","templated":true}]}}